{"id":114,"date":"2020-03-23T10:10:52","date_gmt":"2020-03-23T09:10:52","guid":{"rendered":"http:\/\/hulladekdaralas.hu\/?page_id=114"},"modified":"2020-03-23T10:10:53","modified_gmt":"2020-03-23T09:10:53","slug":"hulladek-daralas","status":"publish","type":"page","link":"http:\/\/hulladekdaralas.hu\/index.php\/hulladek-daralas\/","title":{"rendered":"HULLAD\u00c9K DAR\u00c1L\u00c1S"},"content":{"rendered":"","protected":false},"excerpt":{"rendered":"","protected":false},"author":1,"featured_media":0,"parent":0,"menu_order":0,"comment_status":"closed","ping_status":"closed","template":"","meta":{"_et_pb_use_builder":"","_et_pb_old_content":"","_et_gb_content_width":""},"_links":{"self":[{"href":"http:\/\/hulladekdaralas.hu\/index.php\/wp-json\/wp\/v2\/pages\/114"}],"collection":[{"href":"http:\/\/hulladekdaralas.hu\/index.php\/wp-json\/wp\/v2\/pages"}],"about":[{"href":"http:\/\/hulladekdaralas.hu\/index.php\/wp-json\/wp\/v2\/types\/page"}],"author":[{"embeddable":true,"href":"http:\/\/hulladekdaralas.hu\/index.php\/wp-json\/wp\/v2\/users\/1"}],"replies":[{"embeddable":true,"href":"http:\/\/hulladekdaralas.hu\/index.php\/wp-json\/wp\/v2\/comments?post=114"}],"version-history":[{"count":1,"href":"http:\/\/hulladekdaralas.hu\/index.php\/wp-json\/wp\/v2\/pages\/114\/revisions"}],"predecessor-version":[{"id":115,"href":"http:\/\/hulladekdaralas.hu\/index.php\/wp-json\/wp\/v2\/pages\/114\/revisions\/115"}],"wp:attachment":[{"href":"http:\/\/hulladekdaralas.hu\/index.php\/wp-json\/wp\/v2\/media?parent=114"}],"curies":[{"name":"wp","href":"https:\/\/api.w.org\/{rel}","templated":true}]}}